{"id":274,"date":"2021-11-05T14:20:18","date_gmt":"2021-11-05T13:20:18","guid":{"rendered":"https:\/\/sbg-passion.klubarbeit.net\/?page_id=274"},"modified":"2021-12-07T13:09:53","modified_gmt":"2021-12-07T12:09:53","slug":"impressum","status":"publish","type":"page","link":"https:\/\/salzburg-passion.com\/en\/impressum\/","title":{"rendered":"Impressum"},"content":{"rendered":"<p>Allgemeine Informationspflicht gem\u00e4\u00df \u00a7 5 E-Commerce-Gesetz 2002 (ECG):<\/p>\n<p><strong>Mag.<sup>a<\/sup> Tanja Horazdovsky<\/strong><br \/>\nPfaffingerweg 6<br \/>\n5026 Salzburg, \u00d6sterreich<br \/>\nTel: <a href=\"tel:+ 4369915064846\">+ 43 699 15064846<\/a><br \/>\nEmail: <a href=\"mailto:info@salzburg-passion.com\" target=\"_blank\" rel=\"noopener\">info@salzburg-passion.com<\/a><\/p>\n<hr \/>\n<p><strong>UID:<\/strong> ATU74955248, umsatzsteuerbefreit gem\u00e4\u00df \u00a7 6 Abs 1 Z 27 UStG.<\/p>\n<p><strong>Mitglied bei:<\/strong> WKO, Landesinnung Salzburg<br \/>\n<strong>Berufsrecht lt. Gewerbeordnung:<\/strong> <a href=\"https:\/\/www.ris.bka.gv.at\" target=\"_blank\" rel=\"noopener\">www.ris.bka.gv.at<\/a><br \/>\n<strong>Aufsichtsbeh\u00f6rde\/Gewerbebeh\u00f6rde:<\/strong> Salzburg<br \/>\n<strong>Berufsbezeichnung:<\/strong> Staatlich gepr\u00fcfte Fremdenf\u00fchrerin<br \/>\n<strong>Verleihungsstaat:<\/strong> \u00d6sterreich<\/p>\n<p><strong>Webkonzeption und Design:<\/strong> <a href=\"https:\/\/www.vitamin-c-wirkt.at\/\" target=\"_blank\" rel=\"noopener\">www.vitamin-c-wirkt.at<\/a><br \/>\n<strong>Programmierung &amp; Hosting:<\/strong> <a href=\"https:\/\/www.klubarbeit.net\/\" target=\"_blank\" rel=\"noopener\">www.klubarbeit.net<\/a><br \/>\n<strong>Bildnachweis:<\/strong> Alle auf dieser Website verwendeten Bilder stehen, soweit nicht anders angegeben, unter dem Urheberrecht des Website-Eigent\u00fcmers. Einige Bilder, die auf dieser Website Verwendung finden, stammen von \u00a9 Niko Zuparic \u2013 <u><a href=\"http:\/\/www.zuparino.com\/\" target=\"_blank\" rel=\"noopener\">zuparino.com<\/a><\/u>, Fr\u00e4ulein Flora <a href=\"http:\/\/www.fraeuleinflora.at\" target=\"_blank\" rel=\"noopener\">fraeuleinflora.at.<\/a><\/p>","protected":false},"excerpt":{"rendered":"<p>Allgemeine Informationspflicht gem\u00e4\u00df \u00a7 5 E-Commerce-Gesetz 2002 (ECG): Mag.a Tanja Horazdovsky Pfaffingerweg 6 5026 Salzburg, \u00d6sterreich Tel.: + 43 699 15064846 E-Mail: info@salzburg-passion.com UID: ATU74955248, umsatzsteuerbefreit gem\u00e4\u00df \u00a7 6 Abs 1 Z 27 UStG. Mitglied bei: WKO, Landesinnung Salzburg Berufsrecht lt. Gewerbeordnung: www.ris.bka.gv.at Aufsichtsbeh\u00f6rde\/Gewerbebeh\u00f6rde: Salzburg Berufsbezeichnung: Staatlich gepr\u00fcfte Fremdenf\u00fchrerin Verleihungsstaat: \u00d6sterreich Webkonzeption und Design: www.vitamin-c-wirkt.at [&hellip;]<\/p>\n","protected":false},"author":1,"featured_media":294,"parent":0,"menu_order":0,"comment_status":"closed","ping_status":"closed","template":"","meta":{"footnotes":""},"class_list":["post-274","page","type-page","status-publish","has-post-thumbnail","hentry"],"meta_box":{"button_group_k16mq7jpl8":"nein","icon-group-show":"nein","uber_mich_overline":"","uber_mich_heading":"","uber_mich_text":"","uber_mich_email":"","uber_mich_telefon":"","uber_mich_headline":"","text_informativ":"","image_informativ":[],"text_unterhaltsam":"","image_advanced_t73cr1g6jr":[],"text_erlebnisreich":"","image_advanced_bq3w4azfrdn":[],"overheading_kalender":"","mainheading_kalender":"","text_bei_kalender":"","shortcode_kalender":"","fd-overline-einleitung":"","fd-heading-einleitung":"","fd-text-einleitung":"","fd-button_url-einleitung":"","text_4tyr4absrie":"","bild_der_fuhrung":[],"fd-overline-home-1":"","fd-heading-1":"","fd-text-1":"","fd-liste":"","fd-button_url":"","Bild-f-fuehrung-2":[],"fd-overline-2":"","fd-heading-2":"","fd-text_2":"","fd-liste-2":"","fd-button-url-2":"","galerie_heading":"","bild_1":false,"fd-image-caption-1":"","single_image_r20kn1n1dwi":false,"fd-image-caption-2":"","single_image_v80wmruokp":false,"fd-image-caption-3":"","single_image_h7vuabk8lfv":false,"fd-image-caption-4":"","single_image_fba0ziayypg":false,"fd-image-caption-5":"","single_image_76ma6r2n1o3":false,"fd-image-caption-6":"","single_image_8w8mhe9hpz":false,"fd-image-caption-7":"","single_image_i90zkqfao9":false,"fd-image-caption-8":"","button_group_9ouhuuswkaw":"nein","post_b6iydobzut7":[],"bild_karte_furungen":[],"tour_beschreibung":"","tour_liste":"","treffpunkt":"","dauer":"","preis":"","darfs_mehr_sein":"","button_link_fur_anfrage":"","button_group_yraiqw61gl":"nein","f-top_heading_klein":""},"_links":{"self":[{"href":"https:\/\/salzburg-passion.com\/en\/wp-json\/wp\/v2\/pages\/274","targetHints":{"allow":["GET"]}}],"collection":[{"href":"https:\/\/salzburg-passion.com\/en\/wp-json\/wp\/v2\/pages"}],"about":[{"href":"https:\/\/salzburg-passion.com\/en\/wp-json\/wp\/v2\/types\/page"}],"author":[{"embeddable":true,"href":"https:\/\/salzburg-passion.com\/en\/wp-json\/wp\/v2\/users\/1"}],"replies":[{"embeddable":true,"href":"https:\/\/salzburg-passion.com\/en\/wp-json\/wp\/v2\/comments?post=274"}],"version-history":[{"count":11,"href":"https:\/\/salzburg-passion.com\/en\/wp-json\/wp\/v2\/pages\/274\/revisions"}],"predecessor-version":[{"id":303,"href":"https:\/\/salzburg-passion.com\/en\/wp-json\/wp\/v2\/pages\/274\/revisions\/303"}],"wp:featuredmedia":[{"embeddable":true,"href":"https:\/\/salzburg-passion.com\/en\/wp-json\/wp\/v2\/media\/294"}],"wp:attachment":[{"href":"https:\/\/salzburg-passion.com\/en\/wp-json\/wp\/v2\/media?parent=274"}],"curies":[{"name":"wp","href":"https:\/\/api.w.org\/{rel}","templated":true}]}}