{"id":17,"date":"2021-09-09T11:27:19","date_gmt":"2021-09-09T09:27:19","guid":{"rendered":"https:\/\/sbg-passion.klubarbeit.net\/?page_id=17"},"modified":"2025-02-13T20:32:21","modified_gmt":"2025-02-13T19:32:21","slug":"home","status":"publish","type":"page","link":"https:\/\/salzburg-passion.com\/en\/","title":{"rendered":"of Salzburg Passion"},"content":{"rendered":"","protected":false},"excerpt":{"rendered":"","protected":false},"author":1,"featured_media":0,"parent":0,"menu_order":0,"comment_status":"closed","ping_status":"closed","template":"","meta":{"footnotes":""},"class_list":["post-17","page","type-page","status-publish","hentry"],"meta_box":{"button_group_k16mq7jpl8":"nein","icon-group-show":"ja","uber_mich_overline":"","uber_mich_heading":"","uber_mich_text":"","uber_mich_email":"","uber_mich_telefon":"","uber_mich_headline":"","text_informativ":"","image_informativ":[],"text_unterhaltsam":"","image_advanced_t73cr1g6jr":[],"text_erlebnisreich":"","image_advanced_bq3w4azfrdn":[],"overheading_kalender":"- \u00d6ffentliche -","mainheading_kalender":"Touren","text_bei_kalender":"<p>In regelm\u00e4\u00dfigen Abst\u00e4nden biete ich auch \u00f6ffentliche Stadtf\u00fchrungen f\u00fcr Individualg\u00e4ste\/Einzelreisende an. Einfach anmelden und dann gehen wir gemeinsam auf Tour.<br \/>\n<strong>- Derzeit keine \u00f6ffentlichen F\u00fchrungen im Angebot. -<\/strong><\/p>\n","shortcode_kalender":"","fd-overline-einleitung":"- F\u00fchrungen in Salzburg -","fd-heading-einleitung":"Salzburg Passion","fd-text-einleitung":"<p>Salzburg Passion: der Name ist Programm. Ich liebe meinen Beruf und meine Stadt. Meine Begeisterung f\u00fcr Salzburg m\u00f6chte ich w\u00e4hrend meiner Stadtf\u00fchrungen weitergeben.<\/p>\n<p>Es gibt so viel Sch\u00f6nes in meiner Heimatstadt zu entdecken. Gehen wir gemeinsam auf Entdeckungstour.<\/p>\n<p><strong>Einheimische aufgepasst:<\/strong> meine Stadtf\u00fchrungen sind auch f\u00fcr Salzburger:innen geeignet, denn es gibt immer etwas Neues zu entdecken.<\/p>\n","fd-button_url-einleitung":"https:\/\/salzburg-passion.com\/ueber-mich\/","text_4tyr4absrie":"","bild_der_fuhrung":[{"width":150,"height":150,"file":"2021\/09\/salzburg-universitaet-kollegienkirche.jpg","sizes":{"medium":{"file":"salzburg-universitaet-kollegienkirche-254x300.jpg","width":254,"height":300,"mime-type":"image\/jpeg","url":"https:\/\/salzburg-passion.com\/wp-content\/uploads\/2021\/09\/salzburg-universitaet-kollegienkirche-254x300.jpg"},"large":{"file":"salzburg-universitaet-kollegienkirche-867x1024.jpg","width":867,"height":1024,"mime-type":"image\/jpeg","url":"https:\/\/salzburg-passion.com\/wp-content\/uploads\/2021\/09\/salzburg-universitaet-kollegienkirche-867x1024.jpg"},"thumbnail":{"file":"salzburg-universitaet-kollegienkirche-150x150.jpg","width":150,"height":150,"mime-type":"image\/jpeg","url":"https:\/\/salzburg-passion.com\/wp-content\/uploads\/2021\/09\/salzburg-universitaet-kollegienkirche-150x150.jpg"},"medium_large":{"file":"salzburg-universitaet-kollegienkirche-768x907.jpg","width":768,"height":907,"mime-type":"image\/jpeg","url":"https:\/\/salzburg-passion.com\/wp-content\/uploads\/2021\/09\/salzburg-universitaet-kollegienkirche-768x907.jpg"}},"image_meta":{"aperture":"0","credit":"","camera":"","caption":"","created_timestamp":"0","copyright":"","focal_length":"0","iso":"0","shutter_speed":"0","title":"","orientation":"0","keywords":[]},"ID":"58","name":"salzburg-universitaet-kollegienkirche.jpg","path":"\/home\/sgpasft21\/public_html\/wp-content\/uploads\/2021\/09\/salzburg-universitaet-kollegienkirche.jpg","url":"https:\/\/salzburg-passion.com\/wp-content\/uploads\/2021\/09\/salzburg-universitaet-kollegienkirche-150x150.jpg","full_url":"https:\/\/salzburg-passion.com\/wp-content\/uploads\/2021\/09\/salzburg-universitaet-kollegienkirche.jpg","title":"Kollegienkirche in Salzburg","caption":"Kollegienkirche in Salzburg","description":"Kollegienkirche in Salzburg","alt":"Altstadt Salzburg","srcset":false}],"fd-overline-home-1":"Die Highlights der Stadt","fd-heading-1":"Salzburg kompakt","fd-text-1":"<p>Sie waren noch nie in Salzburg? Dann wird es aber h\u00f6chste Zeit! Begleiten Sie mich auf einer Stadtf\u00fchrung und lassen Sie sich von dem unwiderstehlichen Charme dieser Stadt verzaubern. Liebe auf den ersten Blick ist garantiert!<br \/>\nWir kommen an vielen sch\u00f6nen Ecken und an einigen meiner Lieblingspl\u00e4tze vorbei und ich bin mir sicher: auch Sie werden sich in Salzburg Hals \u00fcber Kopf verlieben.<\/p>\n<p>Die klassische Stadtf\u00fchrung umfasst all jene Sehensw\u00fcrdigkeiten, die Sie beim ersten Mal nicht verpassen d\u00fcrfe. Der Mirabellgarten, die weltber\u00fchmte Getreidegasse mit ihren Zunftschildern, das Mozart Geburtshaus, die wundersch\u00f6ne Kollegienkirche von Fischer von Erlach und den beeindruckenden Dom.<\/p>\n<p>Die Stadtf\u00fchrung gibt einen guten \u00dcberblick f\u00fcr weitere Unternehmungen.<\/p>\n","fd-liste":"<ul>\n<li>Was hat Volleyball mit dem Salzburger Zwergerlgarten zu tun?<\/li>\n<li>Warum haben die H\u00e4user in der B\u00fcrgerstadt so viele Stockwerke?<\/li>\n<li>Wo verewigte sich ein Soldat der f\u00fcrsterzbisch\u00f6flichen Leibgarde aus Langeweile vor rund 370 Jahren?<\/li>\n<\/ul>\n","fd-button_url":"https:\/\/salzburg-passion.com\/fuehrung\/highlights-von-salzburg\/","Bild-f-fuehrung-2":[{"width":150,"height":150,"file":"2021\/10\/salzburg-festunghohensalzburg-tour.jpg","sizes":{"medium":{"file":"salzburg-festunghohensalzburg-tour-240x300.jpg","width":240,"height":300,"mime-type":"image\/jpeg","url":"https:\/\/salzburg-passion.com\/wp-content\/uploads\/2021\/10\/salzburg-festunghohensalzburg-tour-240x300.jpg"},"large":{"file":"salzburg-festunghohensalzburg-tour-819x1024.jpg","width":819,"height":1024,"mime-type":"image\/jpeg","url":"https:\/\/salzburg-passion.com\/wp-content\/uploads\/2021\/10\/salzburg-festunghohensalzburg-tour-819x1024.jpg"},"thumbnail":{"file":"salzburg-festunghohensalzburg-tour-150x150.jpg","width":150,"height":150,"mime-type":"image\/jpeg","url":"https:\/\/salzburg-passion.com\/wp-content\/uploads\/2021\/10\/salzburg-festunghohensalzburg-tour-150x150.jpg"},"medium_large":{"file":"salzburg-festunghohensalzburg-tour-768x960.jpg","width":768,"height":960,"mime-type":"image\/jpeg","url":"https:\/\/salzburg-passion.com\/wp-content\/uploads\/2021\/10\/salzburg-festunghohensalzburg-tour-768x960.jpg"}},"image_meta":{"aperture":"0","credit":"","camera":"","caption":"","created_timestamp":"0","copyright":"","focal_length":"0","iso":"0","shutter_speed":"0","title":"","orientation":"0","keywords":[]},"ID":"178","name":"salzburg-festunghohensalzburg-tour.jpg","path":"\/home\/sgpasft21\/public_html\/wp-content\/uploads\/2021\/10\/salzburg-festunghohensalzburg-tour.jpg","url":"https:\/\/salzburg-passion.com\/wp-content\/uploads\/2021\/10\/salzburg-festunghohensalzburg-tour-150x150.jpg","full_url":"https:\/\/salzburg-passion.com\/wp-content\/uploads\/2021\/10\/salzburg-festunghohensalzburg-tour.jpg","title":"Fortress Hohensalzburg","caption":"Hohensalzburg Festung F\u00fchrung","description":"Hohensalzburg Festung F\u00fchrung","alt":"Hohensalzburg Festung F\u00fchrung","srcset":false}],"fd-overline-2":"Die Festung Hohensalzburg","fd-heading-2":"Ein Rundgang durch Jahrhunderte","fd-text_2":"<p>Im Mittelalter begonnen und im Laufe der Jahrhunderte immer wieder erweitert und adaptiert, so wurde die Festung Hohensalzburg ein uneinnehmbares Bollwerk \u2013 eine Trutzburg inmitten des Heiligen R\u00f6mischen Reiches deutscher Nation.<\/p>\n<p>Heute ist die Festung das Wahrzeichen der Mozartstadt und zweitwichtigste Sehensw\u00fcrdigkeit nach Schloss Sch\u00f6nbrunn in Wien. Und: ich liebe es auf einer der m\u00e4chtigen Bastionen zu stehen und beinahe ehrf\u00fcrchtig auf das f\u00fcrsterzbisch\u00f6fliche Salzburg zu blicken.<\/p>\n","fd-liste-2":"<ul>\n<li>Was hat es mit den Kasematten auf sich?<\/li>\n<li>Warum wimmelt es auf der Festung nur so von R\u00fcben?<\/li>\n<li>Wussten Sie, dass ein Stier die Stadt Salzburg vor einer feindlichen Belagerung bewahrte?<\/li>\n<\/ul>\n","fd-button-url-2":"https:\/\/salzburg-passion.com\/fuehrung\/festung-hohensalzburg\/","galerie_heading":"","bild_1":false,"fd-image-caption-1":"","single_image_r20kn1n1dwi":false,"fd-image-caption-2":"","single_image_v80wmruokp":false,"fd-image-caption-3":"","single_image_h7vuabk8lfv":false,"fd-image-caption-4":"","single_image_fba0ziayypg":false,"fd-image-caption-5":"","single_image_76ma6r2n1o3":false,"fd-image-caption-6":"","single_image_8w8mhe9hpz":false,"fd-image-caption-7":"","single_image_i90zkqfao9":false,"fd-image-caption-8":"","button_group_9ouhuuswkaw":"nein","post_b6iydobzut7":[],"bild_karte_furungen":[],"tour_beschreibung":"","tour_liste":"","treffpunkt":"","dauer":"","preis":"","darfs_mehr_sein":"","button_link_fur_anfrage":"","button_group_yraiqw61gl":"nein","f-top_heading_klein":""},"_links":{"self":[{"href":"https:\/\/salzburg-passion.com\/en\/wp-json\/wp\/v2\/pages\/17","targetHints":{"allow":["GET"]}}],"collection":[{"href":"https:\/\/salzburg-passion.com\/en\/wp-json\/wp\/v2\/pages"}],"about":[{"href":"https:\/\/salzburg-passion.com\/en\/wp-json\/wp\/v2\/types\/page"}],"author":[{"embeddable":true,"href":"https:\/\/salzburg-passion.com\/en\/wp-json\/wp\/v2\/users\/1"}],"replies":[{"embeddable":true,"href":"https:\/\/salzburg-passion.com\/en\/wp-json\/wp\/v2\/comments?post=17"}],"version-history":[{"count":6,"href":"https:\/\/salzburg-passion.com\/en\/wp-json\/wp\/v2\/pages\/17\/revisions"}],"predecessor-version":[{"id":516,"href":"https:\/\/salzburg-passion.com\/en\/wp-json\/wp\/v2\/pages\/17\/revisions\/516"}],"wp:attachment":[{"href":"https:\/\/salzburg-passion.com\/en\/wp-json\/wp\/v2\/media?parent=17"}],"curies":[{"name":"wp","href":"https:\/\/api.w.org\/{rel}","templated":true}]}}