{"id":114,"date":"2021-10-04T14:48:17","date_gmt":"2021-10-04T12:48:17","guid":{"rendered":"https:\/\/sbg-passion.klubarbeit.net\/?page_id=114"},"modified":"2022-01-09T16:13:04","modified_gmt":"2022-01-09T15:13:04","slug":"kontakt","status":"publish","type":"page","link":"https:\/\/salzburg-passion.com\/en\/kontakt\/","title":{"rendered":"Contact"},"content":{"rendered":"<p>Haben Sie noch Fragen zu Salzburg Passion oder zu meinen Stadtf\u00fchrungen?<br \/>\nM\u00f6chten Sie eine individuelle Stadtf\u00fchrung buchen?<br \/>\nSind Sie auf der Suche nach einem besonderen Geschenk?<\/p>\n<p>Ich freue mich, von Ihnen zu h\u00f6ren!<\/p>","protected":false},"excerpt":{"rendered":"<p>Haben Sie noch Fragen zu Salzburg Passion oder zu meinen Stadtf\u00fchrungen? M\u00f6chten Sie eine individuelle Stadtf\u00fchrung buchen? Sind Sie auf der Suche nach einem besonderen Geschenk? Ich freue mich, von Ihnen zu h\u00f6ren!<\/p>","protected":false},"author":1,"featured_media":293,"parent":0,"menu_order":0,"comment_status":"closed","ping_status":"closed","template":"","meta":{"footnotes":""},"class_list":["post-114","page","type-page","status-publish","has-post-thumbnail","hentry"],"meta_box":{"button_group_k16mq7jpl8":"nein","icon-group-show":"nein","uber_mich_overline":"","uber_mich_heading":"","uber_mich_text":"","uber_mich_email":"","uber_mich_telefon":"","uber_mich_headline":"","text_informativ":"","image_informativ":[],"text_unterhaltsam":"","image_advanced_t73cr1g6jr":[],"text_erlebnisreich":"","image_advanced_bq3w4azfrdn":[],"overheading_kalender":"","mainheading_kalender":"","text_bei_kalender":"","shortcode_kalender":"","fd-overline-einleitung":"","fd-heading-einleitung":"","fd-text-einleitung":"","fd-button_url-einleitung":"","text_4tyr4absrie":"","bild_der_fuhrung":[],"fd-overline-home-1":"","fd-heading-1":"","fd-text-1":"","fd-liste":"","fd-button_url":"","Bild-f-fuehrung-2":[],"fd-overline-2":"","fd-heading-2":"","fd-text_2":"","fd-liste-2":"","fd-button-url-2":"","galerie_heading":"","bild_1":false,"fd-image-caption-1":"","single_image_r20kn1n1dwi":false,"fd-image-caption-2":"","single_image_v80wmruokp":false,"fd-image-caption-3":"","single_image_h7vuabk8lfv":false,"fd-image-caption-4":"","single_image_fba0ziayypg":false,"fd-image-caption-5":"","single_image_76ma6r2n1o3":false,"fd-image-caption-6":"","single_image_8w8mhe9hpz":false,"fd-image-caption-7":"","single_image_i90zkqfao9":false,"fd-image-caption-8":"","button_group_9ouhuuswkaw":"nein","post_b6iydobzut7":[],"bild_karte_furungen":[],"tour_beschreibung":"","tour_liste":"","treffpunkt":"","dauer":"","preis":"","darfs_mehr_sein":"","button_link_fur_anfrage":"","button_group_yraiqw61gl":"nein","f-top_heading_klein":""},"_links":{"self":[{"href":"https:\/\/salzburg-passion.com\/en\/wp-json\/wp\/v2\/pages\/114","targetHints":{"allow":["GET"]}}],"collection":[{"href":"https:\/\/salzburg-passion.com\/en\/wp-json\/wp\/v2\/pages"}],"about":[{"href":"https:\/\/salzburg-passion.com\/en\/wp-json\/wp\/v2\/types\/page"}],"author":[{"embeddable":true,"href":"https:\/\/salzburg-passion.com\/en\/wp-json\/wp\/v2\/users\/1"}],"replies":[{"embeddable":true,"href":"https:\/\/salzburg-passion.com\/en\/wp-json\/wp\/v2\/comments?post=114"}],"version-history":[{"count":12,"href":"https:\/\/salzburg-passion.com\/en\/wp-json\/wp\/v2\/pages\/114\/revisions"}],"predecessor-version":[{"id":352,"href":"https:\/\/salzburg-passion.com\/en\/wp-json\/wp\/v2\/pages\/114\/revisions\/352"}],"wp:featuredmedia":[{"embeddable":true,"href":"https:\/\/salzburg-passion.com\/en\/wp-json\/wp\/v2\/media\/293"}],"wp:attachment":[{"href":"https:\/\/salzburg-passion.com\/en\/wp-json\/wp\/v2\/media?parent=114"}],"curies":[{"name":"wp","href":"https:\/\/api.w.org\/{rel}","templated":true}]}}