{"id":106,"date":"2021-10-04T14:47:47","date_gmt":"2021-10-04T12:47:47","guid":{"rendered":"https:\/\/sbg-passion.klubarbeit.net\/?page_id=106"},"modified":"2023-04-08T20:50:31","modified_gmt":"2023-04-08T18:50:31","slug":"salzburg-individuell","status":"publish","type":"page","link":"https:\/\/salzburg-passion.com\/en\/salzburg-individuell\/","title":{"rendered":"Tailor Made"},"content":{"rendered":"<p>Do you organize <strong>company events or club excursions<\/strong>? Would you like to get to know <strong>Salzburg with family or friends<\/strong> and choose the type of excursions you want to have? <strong>Or are you looking to give your employees the gift of knowledge through experience and an engaging atmosphere as a thoughtful incentive?<\/strong>?<br \/>\nWas halten Sie von der Idee die Stadt Salzburg individuell zu entdecken? Vielleicht mit einem Ausklang in einer der zahlreichen Restaurants oder Bars in Salzburg?<br \/>\nOr how about an excursion to the beautiful Salzkammergut, also known as Salzburg\u2019s lake district, or to the saline town of Hallein? Have you ever been to Berchtesgaden and the picturesque K\u00f6nigssee?<\/p>\n<p><strong>I will be happy to assist you in putting together and preparing your own personal program - everything tailor made to suit your needs and interests.<\/strong> I cooperate with colleagues and also take over the organization of several guides.<\/p>","protected":false},"excerpt":{"rendered":"<p>Sie organisieren Firmenevents oder Vereinsausfl\u00fcge? Sie m\u00f6chten Salzburg als Familie oder mit Freunden kennenlernen? Oder sind auf der Suche nach einem Incentive? Was halten Sie von der Idee die Stadt Salzburg individuell zu entdecken? Vielleicht mit einem Ausklang in einer der zahlreichen Restaurants oder Bars in Salzburg? Oder wie w\u00e4re es mit einem Ausflug in [&hellip;]<\/p>\n","protected":false},"author":1,"featured_media":298,"parent":0,"menu_order":0,"comment_status":"closed","ping_status":"closed","template":"","meta":{"footnotes":""},"class_list":["post-106","page","type-page","status-publish","has-post-thumbnail","hentry"],"meta_box":{"button_group_k16mq7jpl8":"ja","icon-group-show":"ja","uber_mich_overline":"","uber_mich_heading":"","uber_mich_text":"","uber_mich_email":"","uber_mich_telefon":"","uber_mich_headline":"","text_informativ":"","image_informativ":[],"text_unterhaltsam":"","image_advanced_t73cr1g6jr":[],"text_erlebnisreich":"","image_advanced_bq3w4azfrdn":[],"overheading_kalender":"","mainheading_kalender":"","text_bei_kalender":"","shortcode_kalender":"","fd-overline-einleitung":"","fd-heading-einleitung":"","fd-text-einleitung":"","fd-button_url-einleitung":"","text_4tyr4absrie":"","bild_der_fuhrung":[],"fd-overline-home-1":"","fd-heading-1":"","fd-text-1":"","fd-liste":"","fd-button_url":"","Bild-f-fuehrung-2":[],"fd-overline-2":"","fd-heading-2":"","fd-text_2":"","fd-liste-2":"","fd-button-url-2":"","galerie_heading":"","bild_1":{"width":150,"height":150,"file":"2021\/10\/salzkammergut-wolfgangsee-schifffahrt.jpg","sizes":{"medium":{"file":"salzkammergut-wolfgangsee-schifffahrt-300x164.jpg","width":300,"height":164,"mime-type":"image\/jpeg","url":"https:\/\/salzburg-passion.com\/wp-content\/uploads\/2021\/10\/salzkammergut-wolfgangsee-schifffahrt-300x164.jpg"},"thumbnail":{"file":"salzkammergut-wolfgangsee-schifffahrt-150x150.jpg","width":150,"height":150,"mime-type":"image\/jpeg","url":"https:\/\/salzburg-passion.com\/wp-content\/uploads\/2021\/10\/salzkammergut-wolfgangsee-schifffahrt-150x150.jpg"},"medium_large":{"file":"salzkammergut-wolfgangsee-schifffahrt-768x419.jpg","width":768,"height":419,"mime-type":"image\/jpeg","url":"https:\/\/salzburg-passion.com\/wp-content\/uploads\/2021\/10\/salzkammergut-wolfgangsee-schifffahrt-768x419.jpg"}},"image_meta":{"aperture":"0","credit":"","camera":"","caption":"","created_timestamp":"0","copyright":"","focal_length":"0","iso":"0","shutter_speed":"0","title":"","orientation":"0","keywords":[]},"ID":"207","name":"salzkammergut-wolfgangsee-schifffahrt.jpg","path":"\/home\/sgpasft21\/public_html\/wp-content\/uploads\/2021\/10\/salzkammergut-wolfgangsee-schifffahrt.jpg","url":"https:\/\/salzburg-passion.com\/wp-content\/uploads\/2021\/10\/salzkammergut-wolfgangsee-schifffahrt-150x150.jpg","full_url":"https:\/\/salzburg-passion.com\/wp-content\/uploads\/2021\/10\/salzkammergut-wolfgangsee-schifffahrt.jpg","title":"Schifffahrt auf dem Wolfgangssee","caption":"Salzburg Wolfgangsee","description":"Salzburg Wolfgangsee Salzkammergut Lakes District","alt":"Salzburg Wolfgangsee","srcset":false},"fd-image-caption-1":"Salzburg individuell","single_image_r20kn1n1dwi":{"width":150,"height":150,"file":"2021\/10\/hallstatt-salz-tour.jpg","sizes":{"medium":{"file":"hallstatt-salz-tour-225x300.jpg","width":225,"height":300,"mime-type":"image\/jpeg","url":"https:\/\/salzburg-passion.com\/wp-content\/uploads\/2021\/10\/hallstatt-salz-tour-225x300.jpg"},"large":{"file":"hallstatt-salz-tour-768x1024.jpg","width":768,"height":1024,"mime-type":"image\/jpeg","url":"https:\/\/salzburg-passion.com\/wp-content\/uploads\/2021\/10\/hallstatt-salz-tour-768x1024.jpg"},"thumbnail":{"file":"hallstatt-salz-tour-150x150.jpg","width":150,"height":150,"mime-type":"image\/jpeg","url":"https:\/\/salzburg-passion.com\/wp-content\/uploads\/2021\/10\/hallstatt-salz-tour-150x150.jpg"},"medium_large":{"file":"hallstatt-salz-tour-768x1024.jpg","width":768,"height":1024,"mime-type":"image\/jpeg","url":"https:\/\/salzburg-passion.com\/wp-content\/uploads\/2021\/10\/hallstatt-salz-tour-768x1024.jpg"}},"image_meta":{"aperture":"0","credit":"","camera":"","caption":"","created_timestamp":"0","copyright":"","focal_length":"0","iso":"0","shutter_speed":"0","title":"","orientation":"0","keywords":[]},"ID":"206","name":"hallstatt-salz-tour.jpg","path":"\/home\/sgpasft21\/public_html\/wp-content\/uploads\/2021\/10\/hallstatt-salz-tour.jpg","url":"https:\/\/salzburg-passion.com\/wp-content\/uploads\/2021\/10\/hallstatt-salz-tour-150x150.jpg","full_url":"https:\/\/salzburg-passion.com\/wp-content\/uploads\/2021\/10\/hallstatt-salz-tour.jpg","title":"Hallstatt Tour Salzbergwerk","caption":"Salzburg Hallstatt","description":"Salzburg Hallstatt Salzkammergut","alt":"Salzburg Hallstatt","srcset":false},"fd-image-caption-2":"Salzburg individuell","single_image_v80wmruokp":{"width":150,"height":150,"file":"2021\/10\/berchtesgaden-watzmann.jpg","sizes":{"medium":{"file":"berchtesgaden-watzmann-280x300.jpg","width":280,"height":300,"mime-type":"image\/jpeg","url":"https:\/\/salzburg-passion.com\/wp-content\/uploads\/2021\/10\/berchtesgaden-watzmann-280x300.jpg"},"large":{"file":"berchtesgaden-watzmann-955x1024.jpg","width":955,"height":1024,"mime-type":"image\/jpeg","url":"https:\/\/salzburg-passion.com\/wp-content\/uploads\/2021\/10\/berchtesgaden-watzmann-955x1024.jpg"},"thumbnail":{"file":"berchtesgaden-watzmann-150x150.jpg","width":150,"height":150,"mime-type":"image\/jpeg","url":"https:\/\/salzburg-passion.com\/wp-content\/uploads\/2021\/10\/berchtesgaden-watzmann-150x150.jpg"},"medium_large":{"file":"berchtesgaden-watzmann-768x823.jpg","width":768,"height":823,"mime-type":"image\/jpeg","url":"https:\/\/salzburg-passion.com\/wp-content\/uploads\/2021\/10\/berchtesgaden-watzmann-768x823.jpg"}},"image_meta":{"aperture":"0","credit":"","camera":"","caption":"","created_timestamp":"0","copyright":"","focal_length":"0","iso":"0","shutter_speed":"0","title":"","orientation":"0","keywords":[]},"ID":"205","name":"berchtesgaden-watzmann.jpg","path":"\/home\/sgpasft21\/public_html\/wp-content\/uploads\/2021\/10\/berchtesgaden-watzmann.jpg","url":"https:\/\/salzburg-passion.com\/wp-content\/uploads\/2021\/10\/berchtesgaden-watzmann-150x150.jpg","full_url":"https:\/\/salzburg-passion.com\/wp-content\/uploads\/2021\/10\/berchtesgaden-watzmann.jpg","title":"Watzmann in Berchtesgaden","caption":"F\u00fchrung Berchtesgaden Watzmann","description":"Berchtesgaden Hintergrund Watzmann","alt":"F\u00fchrung Berchtesgaden Watzmann","srcset":false},"fd-image-caption-3":"Salzburg individuell","single_image_h7vuabk8lfv":{"width":150,"height":150,"file":"2021\/10\/berchtesgaden-koenigssee-tour.jpg","sizes":{"medium":{"file":"berchtesgaden-koenigssee-tour-248x300.jpg","width":248,"height":300,"mime-type":"image\/jpeg","url":"https:\/\/salzburg-passion.com\/wp-content\/uploads\/2021\/10\/berchtesgaden-koenigssee-tour-248x300.jpg"},"large":{"file":"berchtesgaden-koenigssee-tour-846x1024.jpg","width":846,"height":1024,"mime-type":"image\/jpeg","url":"https:\/\/salzburg-passion.com\/wp-content\/uploads\/2021\/10\/berchtesgaden-koenigssee-tour-846x1024.jpg"},"thumbnail":{"file":"berchtesgaden-koenigssee-tour-150x150.jpg","width":150,"height":150,"mime-type":"image\/jpeg","url":"https:\/\/salzburg-passion.com\/wp-content\/uploads\/2021\/10\/berchtesgaden-koenigssee-tour-150x150.jpg"},"medium_large":{"file":"berchtesgaden-koenigssee-tour-768x929.jpg","width":768,"height":929,"mime-type":"image\/jpeg","url":"https:\/\/salzburg-passion.com\/wp-content\/uploads\/2021\/10\/berchtesgaden-koenigssee-tour-768x929.jpg"}},"image_meta":{"aperture":"0","credit":"","camera":"","caption":"","created_timestamp":"0","copyright":"","focal_length":"0","iso":"0","shutter_speed":"0","title":"","orientation":"0","keywords":[]},"ID":"204","name":"berchtesgaden-koenigssee-tour.jpg","path":"\/home\/sgpasft21\/public_html\/wp-content\/uploads\/2021\/10\/berchtesgaden-koenigssee-tour.jpg","url":"https:\/\/salzburg-passion.com\/wp-content\/uploads\/2021\/10\/berchtesgaden-koenigssee-tour-150x150.jpg","full_url":"https:\/\/salzburg-passion.com\/wp-content\/uploads\/2021\/10\/berchtesgaden-koenigssee-tour.jpg","title":"Berchtesgaden K\u00f6nigssee Tour","caption":"F\u00fchrung Berchtesgaden K\u00f6nigsee","description":"F\u00fchrung Berchtesgaden K\u00f6nigsee","alt":"F\u00fchrung Berchtesgaden K\u00f6nigsee","srcset":false},"fd-image-caption-4":"Salzburg individuell","single_image_fba0ziayypg":{"width":150,"height":150,"file":"2021\/10\/berchtesgaden-koenigssee-fuehrung.jpg","sizes":{"medium":{"file":"berchtesgaden-koenigssee-fuehrung-300x225.jpg","width":300,"height":225,"mime-type":"image\/jpeg","url":"https:\/\/salzburg-passion.com\/wp-content\/uploads\/2021\/10\/berchtesgaden-koenigssee-fuehrung-300x225.jpg"},"thumbnail":{"file":"berchtesgaden-koenigssee-fuehrung-150x150.jpg","width":150,"height":150,"mime-type":"image\/jpeg","url":"https:\/\/salzburg-passion.com\/wp-content\/uploads\/2021\/10\/berchtesgaden-koenigssee-fuehrung-150x150.jpg"},"medium_large":{"file":"berchtesgaden-koenigssee-fuehrung-768x576.jpg","width":768,"height":576,"mime-type":"image\/jpeg","url":"https:\/\/salzburg-passion.com\/wp-content\/uploads\/2021\/10\/berchtesgaden-koenigssee-fuehrung-768x576.jpg"}},"image_meta":{"aperture":"0","credit":"","camera":"","caption":"","created_timestamp":"0","copyright":"","focal_length":"0","iso":"0","shutter_speed":"0","title":"","orientation":"0","keywords":[]},"ID":"203","name":"berchtesgaden-koenigssee-fuehrung.jpg","path":"\/home\/sgpasft21\/public_html\/wp-content\/uploads\/2021\/10\/berchtesgaden-koenigssee-fuehrung.jpg","url":"https:\/\/salzburg-passion.com\/wp-content\/uploads\/2021\/10\/berchtesgaden-koenigssee-fuehrung-150x150.jpg","full_url":"https:\/\/salzburg-passion.com\/wp-content\/uploads\/2021\/10\/berchtesgaden-koenigssee-fuehrung.jpg","title":"F\u00fchrung K\u00f6nigsee Berchtesgaden","caption":"F\u00fchrung Berchtesgaden K\u00f6nigsee Bayern","description":"F\u00fchrung Berchtesgaden K\u00f6nigsee Schifffahrt","alt":"F\u00fchrung Berchtesgaden K\u00f6nigsee","srcset":false},"fd-image-caption-5":"","single_image_76ma6r2n1o3":false,"fd-image-caption-6":"","single_image_8w8mhe9hpz":false,"fd-image-caption-7":"","single_image_i90zkqfao9":false,"fd-image-caption-8":"","button_group_9ouhuuswkaw":"ja","post_b6iydobzut7":["81","79","42"],"bild_karte_furungen":[],"tour_beschreibung":"","tour_liste":"","treffpunkt":"","dauer":"","preis":"","darfs_mehr_sein":"","button_link_fur_anfrage":"","button_group_yraiqw61gl":"nein","f-top_heading_klein":"- individuelle Stadtf\u00fchrungen -"},"_links":{"self":[{"href":"https:\/\/salzburg-passion.com\/en\/wp-json\/wp\/v2\/pages\/106","targetHints":{"allow":["GET"]}}],"collection":[{"href":"https:\/\/salzburg-passion.com\/en\/wp-json\/wp\/v2\/pages"}],"about":[{"href":"https:\/\/salzburg-passion.com\/en\/wp-json\/wp\/v2\/types\/page"}],"author":[{"embeddable":true,"href":"https:\/\/salzburg-passion.com\/en\/wp-json\/wp\/v2\/users\/1"}],"replies":[{"embeddable":true,"href":"https:\/\/salzburg-passion.com\/en\/wp-json\/wp\/v2\/comments?post=106"}],"version-history":[{"count":13,"href":"https:\/\/salzburg-passion.com\/en\/wp-json\/wp\/v2\/pages\/106\/revisions"}],"predecessor-version":[{"id":441,"href":"https:\/\/salzburg-passion.com\/en\/wp-json\/wp\/v2\/pages\/106\/revisions\/441"}],"wp:featuredmedia":[{"embeddable":true,"href":"https:\/\/salzburg-passion.com\/en\/wp-json\/wp\/v2\/media\/298"}],"wp:attachment":[{"href":"https:\/\/salzburg-passion.com\/en\/wp-json\/wp\/v2\/media?parent=106"}],"curies":[{"name":"wp","href":"https:\/\/api.w.org\/{rel}","templated":true}]}}