{"id":104,"date":"2021-10-04T14:47:38","date_gmt":"2021-10-04T12:47:38","guid":{"rendered":"https:\/\/sbg-passion.klubarbeit.net\/?page_id=104"},"modified":"2024-01-12T16:59:41","modified_gmt":"2024-01-12T15:59:41","slug":"ueber-mich","status":"publish","type":"page","link":"https:\/\/salzburg-passion.com\/en\/ueber-mich\/","title":{"rendered":"About me"},"content":{"rendered":"<p>{\"labels\":[],\"rewrite\":{\"with_front\":true}}<\/p>","protected":false},"excerpt":{"rendered":"<p>{\"labels\":[],\"rewrite\":{\"with_front\":true}}<\/p>","protected":false},"author":1,"featured_media":57,"parent":0,"menu_order":0,"comment_status":"closed","ping_status":"closed","template":"","meta":{"footnotes":""},"class_list":["post-104","page","type-page","status-publish","has-post-thumbnail","hentry"],"meta_box":{"button_group_k16mq7jpl8":"nein","icon-group-show":"nein","uber_mich_overline":"- Salzburg Passion -","uber_mich_heading":"\u00dcber mich","uber_mich_text":"<p><strong>Ich bin Tanja Horazdovsky<\/strong> und ich habe <strong>meine Leidenschaft zum Beruf<\/strong> gemacht.<br \/>\nSeit 2018 arbeite ich als Stadtf\u00fchrerin und zeige G\u00e4sten aus aller Welt meine Heimatstadt Salzburg. Und das macht mir gro\u00dfe Freude!<\/p>\n<p><strong>Salzburg hat vieles zu bieten.<\/strong> Es ist eine weltoffene und moderne Stadt und dann doch wieder ein wenig altmodisch und distanziert. Genau dieser Mix macht meine Lieblingsstadt aus. Denn wer oder was ist schon perfekt? Salzburg ist einfach zum Verlieben mit all seinen Ecken und Kanten!<\/p>\n<p>Wenn ich in der Fr\u00fch durch die Altstadt radle, beim \u00dcberqueren des Residenzplatzes auf den m\u00e4chtigen fr\u00fchbarocken Dom blicke oder ein St\u00fcck weiter das gesch\u00e4ftige Treiben am Markt beobachte, dann geht mir das Herz auf! Ich liebe diese wunderbare Stadt!<br \/>\n<strong>Meine Begeisterung f\u00fcr Salzburg<\/strong> vermittle ich auf meinen Stadtf\u00fchrungen. Auf erfrischende und am\u00fcsante Art erz\u00e4hle ich Ihnen die Geschichte(n) der Stadt, gespickt mit Wissenswertem und Anekdoten.<br \/>\nSelbstverst\u00e4ndlich zeige ich Ihnen auch den ein oder anderen Lieblingsplatz von mir.<br \/>\nUnd was w\u00e4re ein Aufenthalt in Salzburg ohne eine Pause in einem der vielen Kaffeeh\u00e4user und Restaurants? Liebe geht ja bekanntlich durch den Magen und so habe ich auch da Insidertipps f\u00fcr Sie.<\/p>\n","uber_mich_email":"info@salzburg-passion.com","uber_mich_telefon":"004369915064846","uber_mich_headline":"Salzburg Passion - At Work ...","text_informativ":"<p>Ich m\u00f6chte den Teilnehmer*innen meiner Stadtf\u00fchrungen nicht nur Wissen \u00fcber die Stadt und ihre Geschichte vermitteln, sondern auch ein St\u00fcck weit meiner Liebe zu Salzburg an sie weitergeben. Mein Beruf ist meine Leidenschaft. Was mir wichtig ist?  Ich lerne immer gerne Neues dazu und so freue ich mich \u00fcber einen Austausch mit meinen G\u00e4sten \u2013\u00a0es ist ein gemeinsames Entdecken.<\/p>\n","image_informativ":[{"width":150,"height":150,"file":"2021\/10\/salzburg-mirabellgarten-tour-tanja.jpg","sizes":{"medium":{"file":"salzburg-mirabellgarten-tour-tanja-200x300.jpg","width":200,"height":300,"mime-type":"image\/jpeg","url":"https:\/\/salzburg-passion.com\/wp-content\/uploads\/2021\/10\/salzburg-mirabellgarten-tour-tanja-200x300.jpg"},"large":{"file":"salzburg-mirabellgarten-tour-tanja-684x1024.jpg","width":684,"height":1024,"mime-type":"image\/jpeg","url":"https:\/\/salzburg-passion.com\/wp-content\/uploads\/2021\/10\/salzburg-mirabellgarten-tour-tanja-684x1024.jpg"},"thumbnail":{"file":"salzburg-mirabellgarten-tour-tanja-150x150.jpg","width":150,"height":150,"mime-type":"image\/jpeg","url":"https:\/\/salzburg-passion.com\/wp-content\/uploads\/2021\/10\/salzburg-mirabellgarten-tour-tanja-150x150.jpg"},"medium_large":{"file":"salzburg-mirabellgarten-tour-tanja-768x1150.jpg","width":768,"height":1150,"mime-type":"image\/jpeg","url":"https:\/\/salzburg-passion.com\/wp-content\/uploads\/2021\/10\/salzburg-mirabellgarten-tour-tanja-768x1150.jpg"}},"image_meta":{"aperture":"0","credit":"","camera":"","caption":"","created_timestamp":"1592644508","copyright":"","focal_length":"0","iso":"0","shutter_speed":"0","title":"","orientation":"1","keywords":[]},"ID":"233","name":"salzburg-mirabellgarten-tour-tanja.jpg","path":"\/home\/sgpasft21\/public_html\/wp-content\/uploads\/2021\/10\/salzburg-mirabellgarten-tour-tanja.jpg","url":"https:\/\/salzburg-passion.com\/wp-content\/uploads\/2021\/10\/salzburg-mirabellgarten-tour-tanja-150x150.jpg","full_url":"https:\/\/salzburg-passion.com\/wp-content\/uploads\/2021\/10\/salzburg-mirabellgarten-tour-tanja.jpg","title":"Tanja Horazdovsky Mirabellgarten Tour","caption":"Tanja Horazdovsky","description":"Tanja Horazdovsky city guide tour guide Stadtf\u00fchrer","alt":"Tanja Horazdovsky","srcset":false}],"text_unterhaltsam":"<p>Ich m\u00f6chte meine G\u00e4ste unterhalten. Humor muss sein, denn das Leben ist schon ernst genug!<\/p>\n","image_advanced_t73cr1g6jr":[{"width":150,"height":150,"file":"2021\/10\/salzburg-salzburgpassion-bergstrasse-tanja.jpg","sizes":{"medium":{"file":"salzburg-salzburgpassion-bergstrasse-tanja-200x300.jpg","width":200,"height":300,"mime-type":"image\/jpeg","url":"https:\/\/salzburg-passion.com\/wp-content\/uploads\/2021\/10\/salzburg-salzburgpassion-bergstrasse-tanja-200x300.jpg"},"large":{"file":"salzburg-salzburgpassion-bergstrasse-tanja-684x1024.jpg","width":684,"height":1024,"mime-type":"image\/jpeg","url":"https:\/\/salzburg-passion.com\/wp-content\/uploads\/2021\/10\/salzburg-salzburgpassion-bergstrasse-tanja-684x1024.jpg"},"thumbnail":{"file":"salzburg-salzburgpassion-bergstrasse-tanja-150x150.jpg","width":150,"height":150,"mime-type":"image\/jpeg","url":"https:\/\/salzburg-passion.com\/wp-content\/uploads\/2021\/10\/salzburg-salzburgpassion-bergstrasse-tanja-150x150.jpg"},"medium_large":{"file":"salzburg-salzburgpassion-bergstrasse-tanja-768x1150.jpg","width":768,"height":1150,"mime-type":"image\/jpeg","url":"https:\/\/salzburg-passion.com\/wp-content\/uploads\/2021\/10\/salzburg-salzburgpassion-bergstrasse-tanja-768x1150.jpg"}},"image_meta":{"aperture":"0","credit":"","camera":"","caption":"","created_timestamp":"1592650132","copyright":"","focal_length":"0","iso":"0","shutter_speed":"0","title":"","orientation":"0","keywords":[]},"ID":"232","name":"salzburg-salzburgpassion-bergstrasse-tanja.jpg","path":"\/home\/sgpasft21\/public_html\/wp-content\/uploads\/2021\/10\/salzburg-salzburgpassion-bergstrasse-tanja.jpg","url":"https:\/\/salzburg-passion.com\/wp-content\/uploads\/2021\/10\/salzburg-salzburgpassion-bergstrasse-tanja-150x150.jpg","full_url":"https:\/\/salzburg-passion.com\/wp-content\/uploads\/2021\/10\/salzburg-salzburgpassion-bergstrasse-tanja.jpg","title":"Salzburg Passion Tanja","caption":"Tanja Horazdovsky","description":"Tanja Horazdovsky","alt":"Tanja Horazdovsky city guide","srcset":false}],"text_erlebnisreich":"<p>Salzburg ist ein Erlebnis \u2013 ich zeige Ihnen versteckte Winkel und unbekannte Ecken, die nur darauf warten entdeckt zu werden.<\/p>\n","image_advanced_bq3w4azfrdn":[{"width":150,"height":150,"file":"2021\/09\/salzburg-alstadt-unesco.jpg","sizes":{"medium":{"file":"salzburg-alstadt-unesco-290x300.jpg","width":290,"height":300,"mime-type":"image\/jpeg","url":"https:\/\/salzburg-passion.com\/wp-content\/uploads\/2021\/09\/salzburg-alstadt-unesco-290x300.jpg"},"large":{"file":"salzburg-alstadt-unesco-990x1024.jpg","width":990,"height":1024,"mime-type":"image\/jpeg","url":"https:\/\/salzburg-passion.com\/wp-content\/uploads\/2021\/09\/salzburg-alstadt-unesco-990x1024.jpg"},"thumbnail":{"file":"salzburg-alstadt-unesco-150x150.jpg","width":150,"height":150,"mime-type":"image\/jpeg","url":"https:\/\/salzburg-passion.com\/wp-content\/uploads\/2021\/09\/salzburg-alstadt-unesco-150x150.jpg"},"medium_large":{"file":"salzburg-alstadt-unesco-768x794.jpg","width":768,"height":794,"mime-type":"image\/jpeg","url":"https:\/\/salzburg-passion.com\/wp-content\/uploads\/2021\/09\/salzburg-alstadt-unesco-768x794.jpg"}},"image_meta":{"aperture":"0","credit":"","camera":"","caption":"","created_timestamp":"0","copyright":"","focal_length":"0","iso":"0","shutter_speed":"0","title":"","orientation":"0","keywords":[]},"ID":"52","name":"salzburg-alstadt-unesco.jpg","path":"\/home\/sgpasft21\/public_html\/wp-content\/uploads\/2021\/09\/salzburg-alstadt-unesco.jpg","url":"https:\/\/salzburg-passion.com\/wp-content\/uploads\/2021\/09\/salzburg-alstadt-unesco-150x150.jpg","full_url":"https:\/\/salzburg-passion.com\/wp-content\/uploads\/2021\/09\/salzburg-alstadt-unesco.jpg","title":"Blick auf Salzburger Altstadt","caption":"Blick auf Salzburger Altstadt","description":"Blick auf Salzburger Altstadt UNESSCO Weltkulturerbe","alt":"Salzburg Stadtf\u00fchrung","srcset":false}],"overheading_kalender":"","mainheading_kalender":"","text_bei_kalender":"","shortcode_kalender":"","fd-overline-einleitung":"","fd-heading-einleitung":"","fd-text-einleitung":"","fd-button_url-einleitung":"","text_4tyr4absrie":"","bild_der_fuhrung":[],"fd-overline-home-1":"","fd-heading-1":"","fd-text-1":"","fd-liste":"","fd-button_url":"","Bild-f-fuehrung-2":[],"fd-overline-2":"","fd-heading-2":"","fd-text_2":"","fd-liste-2":"","fd-button-url-2":"","galerie_heading":"","bild_1":false,"fd-image-caption-1":"","single_image_r20kn1n1dwi":false,"fd-image-caption-2":"","single_image_v80wmruokp":false,"fd-image-caption-3":"","single_image_h7vuabk8lfv":false,"fd-image-caption-4":"","single_image_fba0ziayypg":false,"fd-image-caption-5":"","single_image_76ma6r2n1o3":false,"fd-image-caption-6":"","single_image_8w8mhe9hpz":false,"fd-image-caption-7":"","single_image_i90zkqfao9":false,"fd-image-caption-8":"","button_group_9ouhuuswkaw":"nein","post_b6iydobzut7":["81","79","42"],"bild_karte_furungen":[],"tour_beschreibung":"","tour_liste":"","treffpunkt":"","dauer":"","preis":"","darfs_mehr_sein":"","button_link_fur_anfrage":"","button_group_yraiqw61gl":"nein","f-top_heading_klein":""},"_links":{"self":[{"href":"https:\/\/salzburg-passion.com\/en\/wp-json\/wp\/v2\/pages\/104","targetHints":{"allow":["GET"]}}],"collection":[{"href":"https:\/\/salzburg-passion.com\/en\/wp-json\/wp\/v2\/pages"}],"about":[{"href":"https:\/\/salzburg-passion.com\/en\/wp-json\/wp\/v2\/types\/page"}],"author":[{"embeddable":true,"href":"https:\/\/salzburg-passion.com\/en\/wp-json\/wp\/v2\/users\/1"}],"replies":[{"embeddable":true,"href":"https:\/\/salzburg-passion.com\/en\/wp-json\/wp\/v2\/comments?post=104"}],"version-history":[{"count":3,"href":"https:\/\/salzburg-passion.com\/en\/wp-json\/wp\/v2\/pages\/104\/revisions"}],"predecessor-version":[{"id":468,"href":"https:\/\/salzburg-passion.com\/en\/wp-json\/wp\/v2\/pages\/104\/revisions\/468"}],"wp:featuredmedia":[{"embeddable":true,"href":"https:\/\/salzburg-passion.com\/en\/wp-json\/wp\/v2\/media\/57"}],"wp:attachment":[{"href":"https:\/\/salzburg-passion.com\/en\/wp-json\/wp\/v2\/media?parent=104"}],"curies":[{"name":"wp","href":"https:\/\/api.w.org\/{rel}","templated":true}]}}